{"id":473,"date":"2026-01-30T04:08:13","date_gmt":"2026-01-30T04:08:13","guid":{"rendered":"https:\/\/institutopalacios.edu.ar\/?page_id=473"},"modified":"2026-02-27T19:55:47","modified_gmt":"2026-02-27T19:55:47","slug":"agenda","status":"publish","type":"page","link":"https:\/\/institutopalacios.edu.ar\/index.php\/agenda\/","title":{"rendered":"Agenda"},"content":{"rendered":"<div class=\"et_pb_section_0 et_pb_section et_section_regular et_block_section\">\n<div class=\"et_pb_row_0 et_pb_row et_pb_equal_columns et_block_row\">\n<div class=\"et_pb_column_0 et_pb_column et_pb_column_1_2 et_block_column et_pb_css_mix_blend_mode_passthrough\">\n<div class=\"et_pb_text_0 et_pb_text et_pb_bg_layout_dark et_pb_module et_block_module\"><div class=\"et_pb_text_inner\"><h1>Agenda<\/h1>\n<\/div><\/div>\n<\/div>\n\n<div class=\"et_pb_column_1 et_pb_column et_pb_column_1_2 et-last-child et_block_column et_pb_column_empty et_pb_css_mix_blend_mode_passthrough\"><\/div>\n<\/div>\n<\/div>\n\n<div class=\"et_pb_section_1 et_pb_section et_section_regular et_block_section et_animated\">\n<div class=\"et_pb_row_1 et_pb_row et_block_row\">\n<div class=\"et_pb_column_2 et_pb_column et_pb_column_1_4 et_block_column et_pb_column_empty et_pb_css_mix_blend_mode_passthrough\"><\/div>\n\n<div class=\"et_pb_column_3 et_pb_column et_pb_column_3_4 et-last-child et_block_column et_pb_css_mix_blend_mode_passthrough\">\n<div class=\"et_pb_text_1 et_pb_text et_pb_bg_layout_light et_pb_module et_block_module\"><div class=\"et_pb_text_inner\"><h3>Primera milonga del a\u00f1o en Sociedad Luz<\/h3>\n<\/div>\n<div class=\"et_pb_accordion_0 et_pb_accordion et_pb_module et_flex_module\"><\/div>\n<\/div>\n\n<div class=\"et_pb_accordion_1 et_pb_accordion et_pb_module et_flex_module\">\n<div class=\"et_pb_accordion_item_0 et_pb_accordion_item et_pb_toggle et_pb_module et_pb_toggle_open et_flex_module\"><h5 class=\"et_pb_toggle_title\">La Iluminada Milonga inaugura la pista<\/h5><div class=\"et_pb_toggle_content et_flex_module\"><p>El s\u00e1bado 6 de marzo, desde las 20:30, La ilunimada Milonga invita al primer ecuentro tanguero del a\u00f1o.<\/p>\n<\/div><\/div>\n<\/div>\n<\/div>\n<\/div>\n\n<div class=\"et_pb_row_2 et_pb_row et_block_row\">\n<div class=\"et_pb_column_4 et_pb_column et_pb_column_1_4 et_block_column et_pb_column_empty et_pb_css_mix_blend_mode_passthrough\"><\/div>\n\n<div class=\"et_pb_column_5 et_pb_column et_pb_column_3_4 et-last-child et_block_column et_pb_css_mix_blend_mode_passthrough\">\n<div class=\"et_pb_text_2 et_pb_text et_pb_bg_layout_light et_pb_module et_block_module\"><div class=\"et_pb_text_inner\"><h3>Incripciones 2026<\/h3>\n<\/div>\n<div class=\"et_pb_accordion_2 et_pb_accordion et_pb_module et_flex_module\"><\/div>\n<\/div>\n\n<div class=\"et_pb_accordion_3 et_pb_accordion et_pb_module et_flex_module\">\n<div class=\"et_pb_accordion_item_1 et_pb_accordion_item et_pb_toggle et_pb_module et_pb_toggle_open et_flex_module\"><h5 class=\"et_pb_toggle_title\">Ya est\u00e1n abiertas las inscripciones para el ciclo lectivo 2026.<\/h5><div class=\"et_pb_toggle_content et_flex_module\"><p>Pod\u00e9s anotarte en el Profesorado de Historia, en el Profesorado de Geograf\u00eda o en la nueva Tecnicatura Superior en Comuncaci\u00f3n Social.\u00a0<\/p>\n<\/div><\/div>\n<\/div>\n<\/div>\n<\/div>\n\n<div class=\"et_pb_row_3 et_pb_row et_block_row\">\n<div class=\"et_pb_column_6 et_pb_column et_pb_column_1_4 et_block_column et_pb_column_empty et_pb_css_mix_blend_mode_passthrough\"><\/div>\n\n<div class=\"et_pb_column_7 et_pb_column et_pb_column_3_4 et-last-child et_block_column et_pb_css_mix_blend_mode_passthrough\">\n<div class=\"et_pb_text_3 et_pb_text et_pb_bg_layout_light et_pb_module et_block_module\"><div class=\"et_pb_text_inner\"><h3>Nace la Tecnicatura Superior en Comunicaci\u00f3n Social\u00a0<\/h3>\n<\/div>\n<div class=\"et_pb_accordion_4 et_pb_accordion et_pb_module et_flex_module\"><\/div>\n<\/div>\n\n<div class=\"et_pb_accordion_5 et_pb_accordion et_pb_module et_flex_module\">\n<div class=\"et_pb_accordion_item_2 et_pb_accordion_item et_pb_toggle et_pb_module et_pb_toggle_open et_flex_module\"><h5 class=\"et_pb_toggle_title\">Una nueva propuesta del Palacios<\/h5><div class=\"et_pb_toggle_content et_flex_module\"><p><span>Es una novedosa alternativa de formaci\u00f3n profesional con perspectiva cr\u00edtica y orientada al desarrollo de pr\u00e1cticas comunicacionales y de gesti\u00f3n y producci\u00f3n de medios con inserci\u00f3n territorial y orientados al desarrollo local.<\/span><\/p>\n<\/div><\/div>\n<\/div>\n<\/div>\n<\/div>\n<\/div>\n\n<div class=\"et_pb_section_2 et_pb_section et_section_regular et_block_section et_animated\"><\/div>\n\n<div class=\"et_pb_section_3 et_pb_section et_section_regular et_block_section et_animated\"><\/div>","protected":false},"excerpt":{"rendered":"","protected":false},"author":1,"featured_media":0,"parent":0,"menu_order":0,"comment_status":"closed","ping_status":"closed","template":"","meta":{"footnotes":""},"class_list":["post-473","page","type-page","status-publish","hentry"],"_links":{"self":[{"href":"https:\/\/institutopalacios.edu.ar\/index.php\/wp-json\/wp\/v2\/pages\/473","targetHints":{"allow":["GET"]}}],"collection":[{"href":"https:\/\/institutopalacios.edu.ar\/index.php\/wp-json\/wp\/v2\/pages"}],"about":[{"href":"https:\/\/institutopalacios.edu.ar\/index.php\/wp-json\/wp\/v2\/types\/page"}],"author":[{"embeddable":true,"href":"https:\/\/institutopalacios.edu.ar\/index.php\/wp-json\/wp\/v2\/users\/1"}],"replies":[{"embeddable":true,"href":"https:\/\/institutopalacios.edu.ar\/index.php\/wp-json\/wp\/v2\/comments?post=473"}],"version-history":[{"count":19,"href":"https:\/\/institutopalacios.edu.ar\/index.php\/wp-json\/wp\/v2\/pages\/473\/revisions"}],"predecessor-version":[{"id":992,"href":"https:\/\/institutopalacios.edu.ar\/index.php\/wp-json\/wp\/v2\/pages\/473\/revisions\/992"}],"wp:attachment":[{"href":"https:\/\/institutopalacios.edu.ar\/index.php\/wp-json\/wp\/v2\/media?parent=473"}],"curies":[{"name":"wp","href":"https:\/\/api.w.org\/{rel}","templated":true}]}}