{"id":975,"date":"2026-03-04T19:03:17","date_gmt":"2026-03-04T19:03:17","guid":{"rendered":"https:\/\/institutopalacios.edu.ar\/?page_id=975"},"modified":"2026-03-05T15:23:17","modified_gmt":"2026-03-05T15:23:17","slug":"quien-fue-alfredo-l-palacios","status":"publish","type":"page","link":"https:\/\/institutopalacios.edu.ar\/index.php\/quien-fue-alfredo-l-palacios\/","title":{"rendered":"\u00bfQui\u00e9n fue Alfredo L. Palacios?"},"content":{"rendered":"<div class=\"et_pb_section_0 et_pb_section et_section_regular et_block_section\">\n<div class=\"et_pb_row_0 et_pb_row et_block_row\">\n<div class=\"et_pb_column_0 et_pb_column et_pb_column_1_2 et_block_column et_pb_css_mix_blend_mode_passthrough\">\n<div class=\"et_pb_text_0 et_pb_text et_pb_bg_layout_dark et_pb_module et_block_module\"><div class=\"et_pb_text_inner\"><h1>\u00bfQui\u00e9n fue Alfredo L. Palacios?<\/h1>\n<\/div><\/div>\n<\/div>\n\n<div class=\"et_pb_column_1 et_pb_column et_pb_column_1_2 et-last-child et_block_column et_pb_css_mix_blend_mode_passthrough\">\n<ul class=\"et_pb_social_media_follow_0 et_pb_social_media_follow clearfix et_pb_bg_layout_light et_pb_text_align_right et_pb_module et_block_module\">\n<li class=\"et_pb_social_media_follow_network_0 et_pb_social_media_follow_network et_pb_social_icon et_pb_social_network_link et-social-facebook et_pb_module et_flex_module\"><a href=\"#\" class=\"icon\" target=\"_self\" title=\"Seguir en Facebook\" rel=\"noopener\"><span class=\"et_pb_social_media_follow_network_name\">Seguir<\/span><\/a><\/li>\n\n<li class=\"et_pb_social_media_follow_network_1 et_pb_social_media_follow_network et_pb_social_icon et_pb_social_network_link et-social-instagram et_pb_module et_flex_module\"><a href=\"#\" class=\"icon\" target=\"_self\" title=\"Seguir en Instagram\" rel=\"noopener\"><span class=\"et_pb_social_media_follow_network_name\">Seguir<\/span><\/a><\/li>\n<\/ul>\n<\/div>\n<\/div>\n<\/div>\n\n<div class=\"et_pb_section_1 et_pb_section et_section_regular et_block_section\"><\/div>\n\n<div class=\"et_pb_section_2 et_pb_section et_section_regular et_block_section\">\n<div class=\"et_pb_row_1 et_pb_row et_flex_row\">\n<div class=\"et_pb_column_2 et_pb_column et-last-child et_flex_column et_pb_css_mix_blend_mode_passthrough et_flex_column_24_24 et_flex_column_24_24_tablet et_flex_column_24_24_phone\">\n<div class=\"et_pb_text_1 et_pb_text et_pb_bg_layout_light et_pb_module et_block_module\"><div class=\"et_pb_text_inner\"><p style=\"text-align: left;\">Alfredo L. Palacios fue un abogado, escritor y dirigente socialista argentino, c\u00e9lebre por ser el primer diputado socialista de Am\u00e9rica Latina, electo por el distrito electoral de La Boca en 1904. Fue un pionero en la defensa de los derechos laborales y sociales. En su estudio de abogado el cartel de recepci\u00f3n dec\u00eda: \u201cDr. Alfredo Lorenzo Palacios \u2013 Atiende gratis a los pobres\u201d. Desde su banca, impuls\u00f3 Las leyes de descanso dominical, del \u201cs\u00e1bado ingl\u00e9s\u201d, de accidentes de trabajo, de \u201cla silla\u201d para el descanso de los empleados de comercio, el Estatuto docente y la derogaci\u00f3n de la nefasta \u201cley de residencia\u201d, que persegu\u00eda a los inmigrantes.<br \/>La primera tesis que present\u00f3 para recibirse de abogado - que fue rechazada y que tuvo que cambiar de apuro - se titulaba \u201cLa miseria en Argentina\u201d. Lejos de ser un trabajo descriptivo, terminaba con algo parecido a un programa: \u201cNuestros obreros deben unirse para la lucha, recoger las fuerzas dispersas que son f\u00e1cilmente derrotadas, producir un movimiento de concentraci\u00f3n y dar lugar por \u00faltimo a un todo org\u00e1nico, coherente y definido, capaz de establecer combate con probabilidad de \u00e9xito.\u201d<br \/>Muchos de esos pobres que iban a consultarlo, esos a los que atend\u00eda gratis, eran obreros que viv\u00edan en La Boca y Barracas; muchas de las consultas eran sobre conflictos laborales. Fueron esos \u201cclientes\u201d quienes le propusieron que fuera el candidato a diputado por la parroquia de San Juan Evangelista para las elecciones legislativas de 1904.<br \/>A su febril actividad de abogado, escritor, docente y militante, le agreg\u00f3 la campa\u00f1a electoral que lo llevar\u00eda a recorrer los conventillos de La Boca, en cuyos patios dar\u00e1 sus mejores discursos, en castellano y en italiano, y que ser\u00e1n traducidos en simult\u00e1neo al xeneize por alg\u00fan vecino genov\u00e9s (el xeneize es el dialecto que hablaban los inmigrantes genoveses que llegaron a Buenos Aires y se asentaron, principalmente, en La Boca). Entre quienes apoyaban la candidatura de Alfredo Palacios estaba un adolescente Benito Quinquela Mart\u00edn, que reparti\u00f3 volantes y pint\u00f3 consignas en las paredes.<br \/>El domingo 13 de marzo de 1904, a las cuatro de la tarde, con poco m\u00e1s de 800 votos, Alfredo Lorenzo Palacios fue elegido diputado por la cuarta secci\u00f3n electoral de la Capital Federal, lo que lo convirti\u00f3 en el primer diputado socialista de Am\u00e9rica Latina. El diario Tribuna titul\u00f3 aquel acontecimiento de un modo muy significativo \u201cLa Boca ya tiene dientes\u201d.<\/p>\n<\/div><\/div>\n<\/div>\n<\/div>\n<\/div>\n\n<div class=\"et_pb_section_3 et_pb_section et_section_regular et_block_section\">\n<div class=\"et_pb_row_2 et_pb_row et_pb_row_3-4_1-4 et_pb_equal_columns et_pb_gutters2 et_block_row et_block_row_3-4_1-4\">\n<div class=\"et_pb_column_3 et_pb_column et_pb_column_3_4 et_block_column et_pb_css_mix_blend_mode_passthrough\">\n<div class=\"et_pb_contact_form_0 et_pb_contact_form_container clearfix et_pb_module et_flex_module\" data-form_unique_num=\"0\" data-form_unique_id=\"7067d836e5cc6b8d0df5f1ee01accc26\" id=\"et_pb_contact_form_7067d836e5cc6b8d0df5f1ee01accc26\"><h2 class=\"et_pb_contact_main_title\">Consultas<\/h2><div class=\"et-pb-contact-message\"><\/div><div class=\"et_pb_contact\"><form class=\"et_pb_contact_form et_flex_module\" method=\"post\" action=\"https:\/\/institutopalacios.edu.ar\/index.php\/wp-json\/wp\/v2\/pages\/975\">\n<div class=\"et_pb_contact_field_0 et_pb_contact_field et_pb_module et_flex_module et_flex_column_12_24 et_flex_column_12_24_tablet et_flex_column_12_24_phone\" data-id=\"name\" data-type=\"input\"><label class=\"et_pb_contact_form_label\">Nombre<\/label><input type=\"text\" name=\"et_pb_contact_0_name_0\" id=\"et_pb_contact_0_name_0\" class=\"input\" data-required_mark=\"required\" data-field_type=\"input\" data-original_id=\"name\" placeholder=\"Nombre\" title=\"\" value=\"\" \/><\/div>\n\n<div class=\"et_pb_contact_field_1 et_pb_contact_field et_pb_module et_flex_module et_flex_column_12_24 et_flex_column_12_24_tablet et_flex_column_12_24_phone\" data-id=\"email\" data-type=\"email\"><label class=\"et_pb_contact_form_label\">Email<\/label><input type=\"text\" name=\"et_pb_contact_0_email_1\" id=\"et_pb_contact_0_email_1\" class=\"input\" data-required_mark=\"required\" data-field_type=\"email\" data-original_id=\"email\" placeholder=\"Email\" title=\"\" value=\"\" \/><\/div>\n\n<div class=\"et_pb_contact_field_2 et_pb_contact_field et_pb_module et_flex_module et_flex_column_24_24 et_flex_column_24_24_tablet et_flex_column_24_24_phone\" data-id=\"message\" data-type=\"text\"><label class=\"et_pb_contact_form_label\">Mensaje<\/label><textarea name=\"et_pb_contact_0_message_2\" id=\"et_pb_contact_0_message_2\" class=\"et_pb_contact_message input\" data-required_mark=\"required\" data-field_type=\"text\" data-original_id=\"message\" placeholder=\"Mensaje\"><\/textarea><\/div>\n<input type=\"hidden\" name=\"et_pb_contactform_submit_7067d836e5cc6b8d0df5f1ee01accc26\" value=\"et_contact_proccess\" \/><div class=\"et_contact_bottom_container\"><div class=\"et_pb_button_wrapper\"><button type=\"submit\" name=\"et_builder_submit_button\" class=\"et_pb_button et_pb_contact_submit\">Enviar<\/button><\/div><\/div><input type=\"hidden\" id=\"_wpnonce-et-pb-contact-form-submitted-7067d836e5cc6b8d0df5f1ee01accc26\" name=\"_wpnonce-et-pb-contact-form-submitted-7067d836e5cc6b8d0df5f1ee01accc26\" value=\"189c10f171\" \/><input type=\"hidden\" name=\"_wp_http_referer\" value=\"\/index.php\/wp-json\/wp\/v2\/pages\/975\" \/><\/form><\/div><\/div>\n<\/div>\n\n<div class=\"et_pb_column_4 et_pb_column et_pb_column_1_4 et-last-child et_block_column et_pb_column_empty et_pb_css_mix_blend_mode_passthrough\"><\/div>\n<\/div>\n<\/div>","protected":false},"excerpt":{"rendered":"","protected":false},"author":2,"featured_media":921,"parent":0,"menu_order":0,"comment_status":"closed","ping_status":"closed","template":"","meta":{"footnotes":""},"class_list":["post-975","page","type-page","status-publish","has-post-thumbnail","hentry"],"_links":{"self":[{"href":"https:\/\/institutopalacios.edu.ar\/index.php\/wp-json\/wp\/v2\/pages\/975","targetHints":{"allow":["GET"]}}],"collection":[{"href":"https:\/\/institutopalacios.edu.ar\/index.php\/wp-json\/wp\/v2\/pages"}],"about":[{"href":"https:\/\/institutopalacios.edu.ar\/index.php\/wp-json\/wp\/v2\/types\/page"}],"author":[{"embeddable":true,"href":"https:\/\/institutopalacios.edu.ar\/index.php\/wp-json\/wp\/v2\/users\/2"}],"replies":[{"embeddable":true,"href":"https:\/\/institutopalacios.edu.ar\/index.php\/wp-json\/wp\/v2\/comments?post=975"}],"version-history":[{"count":7,"href":"https:\/\/institutopalacios.edu.ar\/index.php\/wp-json\/wp\/v2\/pages\/975\/revisions"}],"predecessor-version":[{"id":1016,"href":"https:\/\/institutopalacios.edu.ar\/index.php\/wp-json\/wp\/v2\/pages\/975\/revisions\/1016"}],"wp:featuredmedia":[{"embeddable":true,"href":"https:\/\/institutopalacios.edu.ar\/index.php\/wp-json\/wp\/v2\/media\/921"}],"wp:attachment":[{"href":"https:\/\/institutopalacios.edu.ar\/index.php\/wp-json\/wp\/v2\/media?parent=975"}],"curies":[{"name":"wp","href":"https:\/\/api.w.org\/{rel}","templated":true}]}}